{"id":805,"date":"2018-05-08T16:50:44","date_gmt":"2018-05-08T16:50:44","guid":{"rendered":"http:\/\/homeprojetos.com.br\/casasdemadeira\/?page_id=805"},"modified":"2019-05-20T15:33:01","modified_gmt":"2019-05-20T15:33:01","slug":"novidades","status":"publish","type":"page","link":"https:\/\/homeprojetos.com.br\/casasdemadeira\/saiba-mais\/novidades\/","title":{"rendered":"Novidades"},"content":{"rendered":"<p><strong>Novidades e Projetos mais recentes:<\/strong><\/p>\n<hr \/>\n<h2><strong>Projeto Vale do Cuiab\u00e1, Itaipava, Petr\u00f3polis, RJ<\/strong><\/h2>\n<p>Clique ou role o mouse para ver mais fotos deste projeto:<\/p>\n<div id=\"su_slider_69e9ab4221e5e\" class=\"su-slider su-slider-centered su-slider-pages-yes su-slider-responsive-yes su-lightbox-gallery\" style=\"width:100%\" data-autoplay=\"3000\" data-speed=\"600\" data-mousewheel=\"true\"><div class=\"su-slider-slides\"><div class=\"su-slider-slide\"><a href=\"https:\/\/homeprojetos.com.br\/casasdemadeira\/wp-content\/uploads\/2019\/05\/005.jpg\"  title=\"Projeto Vale do Cuiab\u00e1\" data-rel=\"lightbox-image-0\" data-rl_title=\"Projeto Vale do Cuiab\u00e1\" data-rl_caption=\"\"><img decoding=\"async\" src=\"https:\/\/homeprojetos.com.br\/casasdemadeira\/wp-content\/uploads\/2019\/05\/005-800x600.jpg\" alt=\"Projeto Vale do  Cuiab\u00e1\" \/><span class=\"su-slider-slide-title\">Projeto Vale do  Cuiab\u00e1<\/span><\/a><\/div><div class=\"su-slider-slide\"><a href=\"https:\/\/homeprojetos.com.br\/casasdemadeira\/wp-content\/uploads\/2019\/05\/004.jpg\"  title=\"Projeto Vale do Cuiab\u00e1\" data-rel=\"lightbox-image-1\" data-rl_title=\"Projeto Vale do Cuiab\u00e1\" data-rl_caption=\"\"><img decoding=\"async\" src=\"https:\/\/homeprojetos.com.br\/casasdemadeira\/wp-content\/uploads\/2019\/05\/004-800x600.jpg\" alt=\"Projeto Vale do  Cuiab\u00e1\" \/><span class=\"su-slider-slide-title\">Projeto Vale do  Cuiab\u00e1<\/span><\/a><\/div><div class=\"su-slider-slide\"><a href=\"https:\/\/homeprojetos.com.br\/casasdemadeira\/wp-content\/uploads\/2019\/05\/003.jpg\"  title=\"Projeto Vale do Cuiab\u00e1\" data-rel=\"lightbox-image-2\" data-rl_title=\"Projeto Vale do Cuiab\u00e1\" data-rl_caption=\"\"><img decoding=\"async\" src=\"https:\/\/homeprojetos.com.br\/casasdemadeira\/wp-content\/uploads\/2019\/05\/003-800x600.jpg\" alt=\"Projeto Vale do  Cuiab\u00e1\" \/><span class=\"su-slider-slide-title\">Projeto Vale do  Cuiab\u00e1<\/span><\/a><\/div><div class=\"su-slider-slide\"><a href=\"https:\/\/homeprojetos.com.br\/casasdemadeira\/wp-content\/uploads\/2019\/05\/001.jpg\"  title=\"Projeto Vale do Cuiab\u00e1\" data-rel=\"lightbox-image-3\" data-rl_title=\"Projeto Vale do Cuiab\u00e1\" data-rl_caption=\"\"><img decoding=\"async\" src=\"https:\/\/homeprojetos.com.br\/casasdemadeira\/wp-content\/uploads\/2019\/05\/001-800x600.jpg\" alt=\"Projeto Vale do  Cuiab\u00e1\" \/><span class=\"su-slider-slide-title\">Projeto Vale do  Cuiab\u00e1<\/span><\/a><\/div><div class=\"su-slider-slide\"><a href=\"https:\/\/homeprojetos.com.br\/casasdemadeira\/wp-content\/uploads\/2019\/05\/002.jpg\"  title=\"Projeto Vale do Cuiab\u00e1\" data-rel=\"lightbox-image-4\" data-rl_title=\"Projeto Vale do Cuiab\u00e1\" data-rl_caption=\"\"><img decoding=\"async\" src=\"https:\/\/homeprojetos.com.br\/casasdemadeira\/wp-content\/uploads\/2019\/05\/002-800x600.jpg\" alt=\"Projeto Vale do  Cuiab\u00e1\" \/><span class=\"su-slider-slide-title\">Projeto Vale do  Cuiab\u00e1<\/span><\/a><\/div><\/div><div class=\"su-slider-nav\"><div class=\"su-slider-direction\"><span class=\"su-slider-prev\"><\/span><span class=\"su-slider-next\"><\/span><\/div><div class=\"su-slider-pagination\"><\/div><\/div><\/div>\n<hr \/>\n<h2><strong>Projeto Angra, Angra dos Reis, RJ<\/strong><\/h2>\n<p>Clique ou role o mouse para ver mais fotos deste projeto:<\/p>\n<div id=\"su_slider_69e9ab4223126\" class=\"su-slider su-slider-centered su-slider-pages-yes su-slider-responsive-yes su-lightbox-gallery\" style=\"width:100%\" data-autoplay=\"3000\" data-speed=\"600\" data-mousewheel=\"true\"><div class=\"su-slider-slides\"><div class=\"su-slider-slide\"><a href=\"https:\/\/homeprojetos.com.br\/casasdemadeira\/wp-content\/uploads\/2019\/01\/angra01.jpg\"  title=\"Casas de madeira &#8211; Projeto Angra\" data-rel=\"lightbox-image-5\" data-rl_title=\"Casas de madeira &#8211; Projeto Angra\" data-rl_caption=\"\"><img decoding=\"async\" src=\"https:\/\/homeprojetos.com.br\/casasdemadeira\/wp-content\/uploads\/2019\/01\/angra01-800x600.jpg\" alt=\"Casas de madeira &#8211; Projeto Angra\" \/><span class=\"su-slider-slide-title\">Casas de madeira &#8211; Projeto Angra<\/span><\/a><\/div><div class=\"su-slider-slide\"><a href=\"https:\/\/homeprojetos.com.br\/casasdemadeira\/wp-content\/uploads\/2019\/01\/angra04.jpg\"  title=\"Casas de madeira &#8211; Projeto Angra\" data-rel=\"lightbox-image-6\" data-rl_title=\"Casas de madeira &#8211; Projeto Angra\" data-rl_caption=\"\"><img decoding=\"async\" src=\"https:\/\/homeprojetos.com.br\/casasdemadeira\/wp-content\/uploads\/2019\/01\/angra04-800x600.jpg\" alt=\"Casas de madeira &#8211; Projeto Angra\" \/><span class=\"su-slider-slide-title\">Casas de madeira &#8211; Projeto Angra<\/span><\/a><\/div><div class=\"su-slider-slide\"><a href=\"https:\/\/homeprojetos.com.br\/casasdemadeira\/wp-content\/uploads\/2019\/01\/angra05.jpg\"  title=\"Casas de madeira &#8211; Projeto Angra\" data-rel=\"lightbox-image-7\" data-rl_title=\"Casas de madeira &#8211; Projeto Angra\" data-rl_caption=\"\"><img decoding=\"async\" src=\"https:\/\/homeprojetos.com.br\/casasdemadeira\/wp-content\/uploads\/2019\/01\/angra05-800x600.jpg\" alt=\"Casas de madeira &#8211; Projeto Angra\" \/><span class=\"su-slider-slide-title\">Casas de madeira &#8211; Projeto Angra<\/span><\/a><\/div><div class=\"su-slider-slide\"><a href=\"https:\/\/homeprojetos.com.br\/casasdemadeira\/wp-content\/uploads\/2019\/01\/angra02.jpg\"  title=\"Casas de madeira &#8211; Projeto Angra\" data-rel=\"lightbox-image-8\" data-rl_title=\"Casas de madeira &#8211; Projeto Angra\" data-rl_caption=\"\"><img decoding=\"async\" src=\"https:\/\/homeprojetos.com.br\/casasdemadeira\/wp-content\/uploads\/2019\/01\/angra02-800x600.jpg\" alt=\"Casas de madeira &#8211; Projeto Angra\" \/><span class=\"su-slider-slide-title\">Casas de madeira &#8211; Projeto Angra<\/span><\/a><\/div><div class=\"su-slider-slide\"><a href=\"https:\/\/homeprojetos.com.br\/casasdemadeira\/wp-content\/uploads\/2019\/01\/angra03.jpg\"  title=\"Casas de madeira &#8211; Projeto Angra\" data-rel=\"lightbox-image-9\" data-rl_title=\"Casas de madeira &#8211; Projeto Angra\" data-rl_caption=\"\"><img decoding=\"async\" src=\"https:\/\/homeprojetos.com.br\/casasdemadeira\/wp-content\/uploads\/2019\/01\/angra03-800x600.jpg\" alt=\"Casas de madeira &#8211; Projeto Angra\" \/><span class=\"su-slider-slide-title\">Casas de madeira &#8211; Projeto Angra<\/span><\/a><\/div><div class=\"su-slider-slide\"><a href=\"https:\/\/homeprojetos.com.br\/casasdemadeira\/wp-content\/uploads\/2019\/01\/angra06.jpg\"  title=\"Casas de madeira &#8211; Projeto Angra\" data-rel=\"lightbox-image-10\" data-rl_title=\"Casas de madeira &#8211; Projeto Angra\" data-rl_caption=\"\"><img decoding=\"async\" src=\"https:\/\/homeprojetos.com.br\/casasdemadeira\/wp-content\/uploads\/2019\/01\/angra06-800x600.jpg\" alt=\"Casas de madeira &#8211; Projeto Angra\" \/><span class=\"su-slider-slide-title\">Casas de madeira &#8211; Projeto Angra<\/span><\/a><\/div><\/div><div class=\"su-slider-nav\"><div class=\"su-slider-direction\"><span class=\"su-slider-prev\"><\/span><span class=\"su-slider-next\"><\/span><\/div><div class=\"su-slider-pagination\"><\/div><\/div><\/div>\n<p>&nbsp;<\/p>\n<hr \/>\n<h2><strong>Projeto Araras 1 &#8211; Petr\u00f3polis &#8211; RJ<\/strong><\/h2>\n<div class=\"su-youtube su-u-responsive-media-yes\"><iframe loading=\"lazy\" width=\"600\" height=\"400\" src=\"https:\/\/www.youtube.com\/embed\/BNFt3gROA8k?\" frameborder=\"0\" allowfullscreen allow=\"autoplay; encrypted-media; picture-in-picture\" title=\"\"><\/iframe><\/div>\n<p>Clique ou role o mouse para ver mais fotos deste projeto:<\/p>\n<div id=\"su_slider_69e9ab4224669\" class=\"su-slider su-slider-centered su-slider-pages-yes su-slider-responsive-yes su-lightbox-gallery\" style=\"width:100%\" data-autoplay=\"3000\" data-speed=\"600\" data-mousewheel=\"true\"><div class=\"su-slider-slides\"><div class=\"su-slider-slide\"><a href=\"https:\/\/homeprojetos.com.br\/casasdemadeira\/wp-content\/uploads\/2018\/05\/100.jpg\"  title=\"Casas de madeira &#8211; Projeto Araras 1\" data-rel=\"lightbox-image-11\" data-rl_title=\"Casas de madeira &#8211; Projeto Araras 1\" data-rl_caption=\"\"><img decoding=\"async\" src=\"https:\/\/homeprojetos.com.br\/casasdemadeira\/wp-content\/uploads\/2018\/05\/100-800x600.jpg\" alt=\"Casas de madeira &#8211; Projeto Araras 1\" \/><span class=\"su-slider-slide-title\">Casas de madeira &#8211; Projeto Araras 1<\/span><\/a><\/div><div class=\"su-slider-slide\"><a href=\"https:\/\/homeprojetos.com.br\/casasdemadeira\/wp-content\/uploads\/2018\/05\/101.jpg\"  title=\"Casas de madeira &#8211; Projeto Araras I\" data-rel=\"lightbox-image-12\" data-rl_title=\"Casas de madeira &#8211; Projeto Araras I\" data-rl_caption=\"\"><img decoding=\"async\" src=\"https:\/\/homeprojetos.com.br\/casasdemadeira\/wp-content\/uploads\/2018\/05\/101-800x600.jpg\" alt=\"Casas de madeira &#8211; Projeto Araras I\" \/><span class=\"su-slider-slide-title\">Casas de madeira &#8211; Projeto Araras I<\/span><\/a><\/div><div class=\"su-slider-slide\"><a href=\"https:\/\/homeprojetos.com.br\/casasdemadeira\/wp-content\/uploads\/2018\/05\/102.jpg\"  title=\"Casas de madeira &#8211; Projeto Araras I\" data-rel=\"lightbox-image-13\" data-rl_title=\"Casas de madeira &#8211; Projeto Araras I\" data-rl_caption=\"\"><img decoding=\"async\" src=\"https:\/\/homeprojetos.com.br\/casasdemadeira\/wp-content\/uploads\/2018\/05\/102-800x600.jpg\" alt=\"Casas de madeira &#8211; Projeto Araras I\" \/><span class=\"su-slider-slide-title\">Casas de madeira &#8211; Projeto Araras I<\/span><\/a><\/div><div class=\"su-slider-slide\"><a href=\"https:\/\/homeprojetos.com.br\/casasdemadeira\/wp-content\/uploads\/2018\/05\/104.jpg\"  title=\"Casas de madeira &#8211; Projeto Araras 1\" data-rel=\"lightbox-image-14\" data-rl_title=\"Casas de madeira &#8211; Projeto Araras 1\" data-rl_caption=\"\"><img decoding=\"async\" src=\"https:\/\/homeprojetos.com.br\/casasdemadeira\/wp-content\/uploads\/2018\/05\/104-800x600.jpg\" alt=\"Casas de madeira &#8211; Projeto Araras 1\" \/><span class=\"su-slider-slide-title\">Casas de madeira &#8211; Projeto Araras 1<\/span><\/a><\/div><\/div><div class=\"su-slider-nav\"><div class=\"su-slider-direction\"><span class=\"su-slider-prev\"><\/span><span class=\"su-slider-next\"><\/span><\/div><div class=\"su-slider-pagination\"><\/div><\/div><\/div>\n<hr \/>\n<h2><strong>Projeto Araras 2 &#8211; Petr\u00f3polis &#8211; RJ<\/strong><\/h2>\n<div class=\"su-youtube su-u-responsive-media-yes\"><iframe loading=\"lazy\" width=\"600\" height=\"400\" src=\"https:\/\/www.youtube.com\/embed\/oVa0PQ9hnnE?\" frameborder=\"0\" allowfullscreen allow=\"autoplay; encrypted-media; picture-in-picture\" title=\"\"><\/iframe><\/div>\n<p>Clique ou role o mouse para ver mais fotos deste projeto:<\/p>\n<div id=\"su_slider_69e9ab42277e3\" class=\"su-slider su-slider-centered su-slider-pages-yes su-slider-responsive-yes su-lightbox-gallery\" style=\"width:100%\" data-autoplay=\"3000\" data-speed=\"600\" data-mousewheel=\"true\"><div class=\"su-slider-slides\"><div class=\"su-slider-slide\"><a href=\"https:\/\/homeprojetos.com.br\/casasdemadeira\/wp-content\/uploads\/2018\/05\/200.jpg\"  title=\"Casas de madeira &#8211; Projeto Araras 2\" data-rel=\"lightbox-image-15\" data-rl_title=\"Casas de madeira &#8211; Projeto Araras 2\" data-rl_caption=\"\"><img decoding=\"async\" src=\"https:\/\/homeprojetos.com.br\/casasdemadeira\/wp-content\/uploads\/2018\/05\/200-800x600.jpg\" alt=\"Casas de madeira &#8211; Projeto Araras 2\" \/><span class=\"su-slider-slide-title\">Casas de madeira &#8211; Projeto Araras 2<\/span><\/a><\/div><div class=\"su-slider-slide\"><a href=\"https:\/\/homeprojetos.com.br\/casasdemadeira\/wp-content\/uploads\/2018\/05\/201.jpg\"  title=\"Casas de madeira &#8211; Projeto Araras 2\" data-rel=\"lightbox-image-16\" data-rl_title=\"Casas de madeira &#8211; Projeto Araras 2\" data-rl_caption=\"\"><img decoding=\"async\" src=\"https:\/\/homeprojetos.com.br\/casasdemadeira\/wp-content\/uploads\/2018\/05\/201-800x600.jpg\" alt=\"Casas de madeira &#8211; Projeto Araras 2\" \/><span class=\"su-slider-slide-title\">Casas de madeira &#8211; Projeto Araras 2<\/span><\/a><\/div><div class=\"su-slider-slide\"><a href=\"https:\/\/homeprojetos.com.br\/casasdemadeira\/wp-content\/uploads\/2018\/05\/202.jpg\"  title=\"Casas de madeira &#8211; Projeto Araras 2\" data-rel=\"lightbox-image-17\" data-rl_title=\"Casas de madeira &#8211; Projeto Araras 2\" data-rl_caption=\"\"><img decoding=\"async\" src=\"https:\/\/homeprojetos.com.br\/casasdemadeira\/wp-content\/uploads\/2018\/05\/202-800x600.jpg\" alt=\"Casas de madeira &#8211; Projeto Araras 2\" \/><span class=\"su-slider-slide-title\">Casas de madeira &#8211; Projeto Araras 2<\/span><\/a><\/div><div class=\"su-slider-slide\"><a href=\"https:\/\/homeprojetos.com.br\/casasdemadeira\/wp-content\/uploads\/2018\/05\/203.jpg\"  title=\"Casas de madeira &#8211; Projeto Araras 2\" data-rel=\"lightbox-image-18\" data-rl_title=\"Casas de madeira &#8211; Projeto Araras 2\" data-rl_caption=\"\"><img decoding=\"async\" src=\"https:\/\/homeprojetos.com.br\/casasdemadeira\/wp-content\/uploads\/2018\/05\/203-800x600.jpg\" alt=\"Casas de madeira &#8211; Projeto Araras 2\" \/><span class=\"su-slider-slide-title\">Casas de madeira &#8211; Projeto Araras 2<\/span><\/a><\/div><div class=\"su-slider-slide\"><a href=\"https:\/\/homeprojetos.com.br\/casasdemadeira\/wp-content\/uploads\/2018\/05\/204.jpg\"  title=\"Casas de madeira &#8211; Projeto Araras 2\" data-rel=\"lightbox-image-19\" data-rl_title=\"Casas de madeira &#8211; Projeto Araras 2\" data-rl_caption=\"\"><img decoding=\"async\" src=\"https:\/\/homeprojetos.com.br\/casasdemadeira\/wp-content\/uploads\/2018\/05\/204-800x600.jpg\" alt=\"Casas de madeira &#8211; Projeto Araras 2\" \/><span class=\"su-slider-slide-title\">Casas de madeira &#8211; Projeto Araras 2<\/span><\/a><\/div><\/div><div class=\"su-slider-nav\"><div class=\"su-slider-direction\"><span class=\"su-slider-prev\"><\/span><span class=\"su-slider-next\"><\/span><\/div><div class=\"su-slider-pagination\"><\/div><\/div><\/div>\n","protected":false},"excerpt":{"rendered":"<p>Novidades e Projetos mais recentes: Projeto Vale do Cuiab\u00e1, Itaipava, Petr\u00f3polis, RJ Clique ou role o mouse para ver mais fotos deste projeto: Projeto Angra, Angra dos Reis, RJ Clique ou role o mouse para ver mais fotos deste projeto: <a href=\"https:\/\/homeprojetos.com.br\/casasdemadeira\/saiba-mais\/novidades\/\" class=\"read-more\">Ver Mais<\/a><\/p>\n","protected":false},"author":2,"featured_media":0,"parent":64,"menu_order":10,"comment_status":"closed","ping_status":"closed","template":"","meta":{"footnotes":"","_links_to":"","_links_to_target":""},"class_list":["post-805","page","type-page","status-publish","hentry"],"yoast_head":"<!-- This site is optimized with the Yoast SEO plugin v24.9 - https:\/\/yoast.com\/wordpress\/plugins\/seo\/ -->\n<title>Casas de Madeira - Home Projetos Constru\u00e7\u00e3o de Casas de Madeira RJ<\/title>\n<meta name=\"description\" content=\"Casas de madeira e chal\u00e9s, Projeto e constru\u00e7\u00e3o, casas pr\u00e9 fabricadas, arquitetura exclusiva, alto padr\u00e3o, valorizamos a topografia e espa\u00e7o do seu terreno!\" \/>\n<meta name=\"robots\" content=\"index, follow, max-snippet:-1, max-image-preview:large, max-video-preview:-1\" \/>\n<link rel=\"canonical\" href=\"https:\/\/homeprojetos.com.br\/casasdemadeira\/saiba-mais\/novidades\/\" \/>\n<meta property=\"og:locale\" content=\"pt_BR\" \/>\n<meta property=\"og:type\" content=\"article\" \/>\n<meta property=\"og:title\" content=\"Casas de Madeira - Home Projetos Constru\u00e7\u00e3o de Casas de Madeira RJ\" \/>\n<meta property=\"og:description\" content=\"Casas de madeira e chal\u00e9s, Projeto e constru\u00e7\u00e3o, casas pr\u00e9 fabricadas, arquitetura exclusiva, alto padr\u00e3o, valorizamos a topografia e espa\u00e7o do seu terreno!\" \/>\n<meta property=\"og:url\" content=\"https:\/\/homeprojetos.com.br\/casasdemadeira\/saiba-mais\/novidades\/\" \/>\n<meta property=\"og:site_name\" content=\"HOME PROJETOS\" \/>\n<meta property=\"article:modified_time\" content=\"2019-05-20T15:33:01+00:00\" \/>\n<meta name=\"twitter:card\" content=\"summary_large_image\" \/>\n<meta name=\"twitter:label1\" content=\"Est. tempo de leitura\" \/>\n\t<meta name=\"twitter:data1\" content=\"1 minuto\" \/>\n<script type=\"application\/ld+json\" class=\"yoast-schema-graph\">{\"@context\":\"https:\/\/schema.org\",\"@graph\":[{\"@type\":\"WebPage\",\"@id\":\"https:\/\/homeprojetos.com.br\/casasdemadeira\/saiba-mais\/novidades\/\",\"url\":\"https:\/\/homeprojetos.com.br\/casasdemadeira\/saiba-mais\/novidades\/\",\"name\":\"Casas de Madeira - Home Projetos Constru\u00e7\u00e3o de Casas de Madeira RJ\",\"isPartOf\":{\"@id\":\"https:\/\/homeprojetos.com.br\/casasdemadeira\/#website\"},\"datePublished\":\"2018-05-08T16:50:44+00:00\",\"dateModified\":\"2019-05-20T15:33:01+00:00\",\"description\":\"Casas de madeira e chal\u00e9s, Projeto e constru\u00e7\u00e3o, casas pr\u00e9 fabricadas, arquitetura exclusiva, alto padr\u00e3o, valorizamos a topografia e espa\u00e7o do seu terreno!\",\"breadcrumb\":{\"@id\":\"https:\/\/homeprojetos.com.br\/casasdemadeira\/saiba-mais\/novidades\/#breadcrumb\"},\"inLanguage\":\"pt-BR\",\"potentialAction\":[{\"@type\":\"ReadAction\",\"target\":[\"https:\/\/homeprojetos.com.br\/casasdemadeira\/saiba-mais\/novidades\/\"]}]},{\"@type\":\"BreadcrumbList\",\"@id\":\"https:\/\/homeprojetos.com.br\/casasdemadeira\/saiba-mais\/novidades\/#breadcrumb\",\"itemListElement\":[{\"@type\":\"ListItem\",\"position\":1,\"name\":\"In\u00edcio\",\"item\":\"https:\/\/homeprojetos.com.br\/casasdemadeira\/\"},{\"@type\":\"ListItem\",\"position\":2,\"name\":\"Saiba Mais\",\"item\":\"https:\/\/homeprojetos.com.br\/casasdemadeira\/saiba-mais\/\"},{\"@type\":\"ListItem\",\"position\":3,\"name\":\"Novidades\"}]},{\"@type\":\"WebSite\",\"@id\":\"https:\/\/homeprojetos.com.br\/casasdemadeira\/#website\",\"url\":\"https:\/\/homeprojetos.com.br\/casasdemadeira\/\",\"name\":\"HOME PROJETOS\",\"description\":\"Casas de Madeira com Projetos Exclusivos\",\"publisher\":{\"@id\":\"https:\/\/homeprojetos.com.br\/casasdemadeira\/#organization\"},\"potentialAction\":[{\"@type\":\"SearchAction\",\"target\":{\"@type\":\"EntryPoint\",\"urlTemplate\":\"https:\/\/homeprojetos.com.br\/casasdemadeira\/?s={search_term_string}\"},\"query-input\":{\"@type\":\"PropertyValueSpecification\",\"valueRequired\":true,\"valueName\":\"search_term_string\"}}],\"inLanguage\":\"pt-BR\"},{\"@type\":\"Organization\",\"@id\":\"https:\/\/homeprojetos.com.br\/casasdemadeira\/#organization\",\"name\":\"Home Projetos Casas de Madeira\",\"url\":\"https:\/\/homeprojetos.com.br\/casasdemadeira\/\",\"logo\":{\"@type\":\"ImageObject\",\"inLanguage\":\"pt-BR\",\"@id\":\"https:\/\/homeprojetos.com.br\/casasdemadeira\/#\/schema\/logo\/image\/\",\"url\":\"https:\/\/homeprojetos.com.br\/casasdemadeira\/wp-content\/uploads\/2017\/11\/logo_small.png\",\"contentUrl\":\"https:\/\/homeprojetos.com.br\/casasdemadeira\/wp-content\/uploads\/2017\/11\/logo_small.png\",\"width\":167,\"height\":42,\"caption\":\"Home Projetos Casas de Madeira\"},\"image\":{\"@id\":\"https:\/\/homeprojetos.com.br\/casasdemadeira\/#\/schema\/logo\/image\/\"}}]}<\/script>\n<!-- \/ Yoast SEO plugin. -->","yoast_head_json":{"title":"Casas de Madeira - Home Projetos Constru\u00e7\u00e3o de Casas de Madeira RJ","description":"Casas de madeira e chal\u00e9s, Projeto e constru\u00e7\u00e3o, casas pr\u00e9 fabricadas, arquitetura exclusiva, alto padr\u00e3o, valorizamos a topografia e espa\u00e7o do seu terreno!","robots":{"index":"index","follow":"follow","max-snippet":"max-snippet:-1","max-image-preview":"max-image-preview:large","max-video-preview":"max-video-preview:-1"},"canonical":"https:\/\/homeprojetos.com.br\/casasdemadeira\/saiba-mais\/novidades\/","og_locale":"pt_BR","og_type":"article","og_title":"Casas de Madeira - Home Projetos Constru\u00e7\u00e3o de Casas de Madeira RJ","og_description":"Casas de madeira e chal\u00e9s, Projeto e constru\u00e7\u00e3o, casas pr\u00e9 fabricadas, arquitetura exclusiva, alto padr\u00e3o, valorizamos a topografia e espa\u00e7o do seu terreno!","og_url":"https:\/\/homeprojetos.com.br\/casasdemadeira\/saiba-mais\/novidades\/","og_site_name":"HOME PROJETOS","article_modified_time":"2019-05-20T15:33:01+00:00","twitter_card":"summary_large_image","twitter_misc":{"Est. tempo de leitura":"1 minuto"},"schema":{"@context":"https:\/\/schema.org","@graph":[{"@type":"WebPage","@id":"https:\/\/homeprojetos.com.br\/casasdemadeira\/saiba-mais\/novidades\/","url":"https:\/\/homeprojetos.com.br\/casasdemadeira\/saiba-mais\/novidades\/","name":"Casas de Madeira - Home Projetos Constru\u00e7\u00e3o de Casas de Madeira RJ","isPartOf":{"@id":"https:\/\/homeprojetos.com.br\/casasdemadeira\/#website"},"datePublished":"2018-05-08T16:50:44+00:00","dateModified":"2019-05-20T15:33:01+00:00","description":"Casas de madeira e chal\u00e9s, Projeto e constru\u00e7\u00e3o, casas pr\u00e9 fabricadas, arquitetura exclusiva, alto padr\u00e3o, valorizamos a topografia e espa\u00e7o do seu terreno!","breadcrumb":{"@id":"https:\/\/homeprojetos.com.br\/casasdemadeira\/saiba-mais\/novidades\/#breadcrumb"},"inLanguage":"pt-BR","potentialAction":[{"@type":"ReadAction","target":["https:\/\/homeprojetos.com.br\/casasdemadeira\/saiba-mais\/novidades\/"]}]},{"@type":"BreadcrumbList","@id":"https:\/\/homeprojetos.com.br\/casasdemadeira\/saiba-mais\/novidades\/#breadcrumb","itemListElement":[{"@type":"ListItem","position":1,"name":"In\u00edcio","item":"https:\/\/homeprojetos.com.br\/casasdemadeira\/"},{"@type":"ListItem","position":2,"name":"Saiba Mais","item":"https:\/\/homeprojetos.com.br\/casasdemadeira\/saiba-mais\/"},{"@type":"ListItem","position":3,"name":"Novidades"}]},{"@type":"WebSite","@id":"https:\/\/homeprojetos.com.br\/casasdemadeira\/#website","url":"https:\/\/homeprojetos.com.br\/casasdemadeira\/","name":"HOME PROJETOS","description":"Casas de Madeira com Projetos Exclusivos","publisher":{"@id":"https:\/\/homeprojetos.com.br\/casasdemadeira\/#organization"},"potentialAction":[{"@type":"SearchAction","target":{"@type":"EntryPoint","urlTemplate":"https:\/\/homeprojetos.com.br\/casasdemadeira\/?s={search_term_string}"},"query-input":{"@type":"PropertyValueSpecification","valueRequired":true,"valueName":"search_term_string"}}],"inLanguage":"pt-BR"},{"@type":"Organization","@id":"https:\/\/homeprojetos.com.br\/casasdemadeira\/#organization","name":"Home Projetos Casas de Madeira","url":"https:\/\/homeprojetos.com.br\/casasdemadeira\/","logo":{"@type":"ImageObject","inLanguage":"pt-BR","@id":"https:\/\/homeprojetos.com.br\/casasdemadeira\/#\/schema\/logo\/image\/","url":"https:\/\/homeprojetos.com.br\/casasdemadeira\/wp-content\/uploads\/2017\/11\/logo_small.png","contentUrl":"https:\/\/homeprojetos.com.br\/casasdemadeira\/wp-content\/uploads\/2017\/11\/logo_small.png","width":167,"height":42,"caption":"Home Projetos Casas de Madeira"},"image":{"@id":"https:\/\/homeprojetos.com.br\/casasdemadeira\/#\/schema\/logo\/image\/"}}]}},"_links":{"self":[{"href":"https:\/\/homeprojetos.com.br\/casasdemadeira\/wp-json\/wp\/v2\/pages\/805","targetHints":{"allow":["GET"]}}],"collection":[{"href":"https:\/\/homeprojetos.com.br\/casasdemadeira\/wp-json\/wp\/v2\/pages"}],"about":[{"href":"https:\/\/homeprojetos.com.br\/casasdemadeira\/wp-json\/wp\/v2\/types\/page"}],"author":[{"embeddable":true,"href":"https:\/\/homeprojetos.com.br\/casasdemadeira\/wp-json\/wp\/v2\/users\/2"}],"replies":[{"embeddable":true,"href":"https:\/\/homeprojetos.com.br\/casasdemadeira\/wp-json\/wp\/v2\/comments?post=805"}],"version-history":[{"count":11,"href":"https:\/\/homeprojetos.com.br\/casasdemadeira\/wp-json\/wp\/v2\/pages\/805\/revisions"}],"predecessor-version":[{"id":926,"href":"https:\/\/homeprojetos.com.br\/casasdemadeira\/wp-json\/wp\/v2\/pages\/805\/revisions\/926"}],"up":[{"embeddable":true,"href":"https:\/\/homeprojetos.com.br\/casasdemadeira\/wp-json\/wp\/v2\/pages\/64"}],"wp:attachment":[{"href":"https:\/\/homeprojetos.com.br\/casasdemadeira\/wp-json\/wp\/v2\/media?parent=805"}],"curies":[{"name":"wp","href":"https:\/\/api.w.org\/{rel}","templated":true}]}}