{"id":61,"date":"2017-11-09T18:41:49","date_gmt":"2017-11-09T18:41:49","guid":{"rendered":"http:\/\/homeprojetos.com.br\/casasdemadeira\/?page_id=61"},"modified":"2023-09-04T19:49:35","modified_gmt":"2023-09-04T19:49:35","slug":"contatos","status":"publish","type":"page","link":"https:\/\/homeprojetos.com.br\/casasdemadeira\/contatos\/","title":{"rendered":"Contatos"},"content":{"rendered":"<div class=\"su-note\"  style=\"border-color:#e5e5e5;border-radius:3px;-moz-border-radius:3px;-webkit-border-radius:3px;\"><div class=\"su-note-inner su-u-clearfix su-u-trim\" style=\"background-color:#ffffff;border-color:#ffffff;color:#333333;border-radius:3px;-moz-border-radius:3px;-webkit-border-radius:3px;\">\n<p>Itaipava, Petr\u00f3polis, RJ<br \/>\nTels. e Whatsapp: <strong><a href=\"https:\/\/api.whatsapp.com\/send?phone=5521995329302\" target=\"_blank\" rel=\"noopener\">(21) 99532-9302<\/a> | <\/strong><a href=\"https:\/\/api.whatsapp.com\/send?phone=5521988989302\" target=\"_blank\" rel=\"noopener\"><strong>\u00a0(21) 98898-9302<\/strong><\/a><br \/>\nE-mail: <strong><a href=\"mailto:contato@homeprojetos.com.br\">contato@homeprojetos.com.br<\/a><br \/>\n<\/strong>Hor\u00e1rio de Atendimento: <strong>seg. \u00e0 sexta, das 8:30h \u00e0s 17:30h.<\/strong><\/p>\n<\/div><\/div>\n<a href=\"https:\/\/www.instagram.com\/home_projetos\" class=\"su-button su-button-style-default\" style=\"color:#FFFFFF;background-color:#0d6a04;border-color:#0b5504;border-radius:5px\" target=\"_blank\" rel=\"noopener noreferrer\"><span style=\"color:#FFFFFF;padding:6px 16px;font-size:13px;line-height:20px;border-color:#569750;border-radius:5px;text-shadow:none\"><i class=\"sui sui-instagram\" style=\"font-size:13px;color:#FFFFFF\"><\/i> HOME PROJETOS NO INSTAGRAM<\/span><\/a>\n<hr \/>\n\n<div class=\"wpcf7 no-js\" id=\"wpcf7-f11-o1\" lang=\"pt-BR\" dir=\"ltr\" data-wpcf7-id=\"11\">\n<div class=\"screen-reader-response\"><p role=\"status\" aria-live=\"polite\" aria-atomic=\"true\"><\/p> <ul><\/ul><\/div>\n<form action=\"\/casasdemadeira\/wp-json\/wp\/v2\/pages\/61#wpcf7-f11-o1\" method=\"post\" class=\"wpcf7-form init\" aria-label=\"Formul\u00e1rios de contato\" novalidate=\"novalidate\" data-status=\"init\">\n<div style=\"display: none;\">\n<input type=\"hidden\" name=\"_wpcf7\" value=\"11\" \/>\n<input type=\"hidden\" name=\"_wpcf7_version\" value=\"6.0.6\" \/>\n<input type=\"hidden\" name=\"_wpcf7_locale\" value=\"pt_BR\" \/>\n<input type=\"hidden\" name=\"_wpcf7_unit_tag\" value=\"wpcf7-f11-o1\" \/>\n<input type=\"hidden\" name=\"_wpcf7_container_post\" value=\"0\" \/>\n<input type=\"hidden\" name=\"_wpcf7_posted_data_hash\" value=\"\" \/>\n<\/div>\n<p><label> Seu nome (obrigat\u00f3rio)<br \/>\n<span class=\"wpcf7-form-control-wrap\" data-name=\"your-name\"><input size=\"40\" maxlength=\"400\" class=\"wpcf7-form-control wpcf7-text wpcf7-validates-as-required\" aria-required=\"true\" aria-invalid=\"false\" value=\"\" type=\"text\" name=\"your-name\" \/><\/span> <\/label>\n<\/p>\n<p><label> Seu e-mail (obrigat\u00f3rio)<br \/>\n<span class=\"wpcf7-form-control-wrap\" data-name=\"your-email\"><input size=\"40\" maxlength=\"400\" class=\"wpcf7-form-control wpcf7-email wpcf7-validates-as-required wpcf7-text wpcf7-validates-as-email\" aria-required=\"true\" aria-invalid=\"false\" value=\"\" type=\"email\" name=\"your-email\" \/><\/span> <\/label>\n<\/p>\n<p><label> Assunto<br \/>\n<span class=\"wpcf7-form-control-wrap\" data-name=\"your-subject\"><input size=\"40\" maxlength=\"400\" class=\"wpcf7-form-control wpcf7-text\" aria-invalid=\"false\" value=\"\" type=\"text\" name=\"your-subject\" \/><\/span> <\/label>\n<\/p>\n<p><label> Sua mensagem<br \/>\n<span class=\"wpcf7-form-control-wrap\" data-name=\"your-message\"><textarea cols=\"40\" rows=\"10\" maxlength=\"2000\" class=\"wpcf7-form-control wpcf7-textarea\" aria-invalid=\"false\" name=\"your-message\"><\/textarea><\/span> <\/label>\n<\/p>\n<p><input class=\"wpcf7-form-control wpcf7-submit has-spinner\" type=\"submit\" value=\"Enviar\" \/>\n<\/p><div class=\"wpcf7-response-output\" aria-hidden=\"true\"><\/div>\n<\/form>\n<\/div>\n\n","protected":false},"excerpt":{"rendered":"","protected":false},"author":2,"featured_media":0,"parent":0,"menu_order":7,"comment_status":"closed","ping_status":"closed","template":"","meta":{"footnotes":"","_links_to":"","_links_to_target":""},"class_list":["post-61","page","type-page","status-publish","hentry"],"yoast_head":"<!-- This site is optimized with the Yoast SEO plugin v24.9 - https:\/\/yoast.com\/wordpress\/plugins\/seo\/ -->\n<title>Casas de Madeira - Home Projetos Constru\u00e7\u00e3o de Casas de Madeira RJ<\/title>\n<meta name=\"description\" content=\"Casas de madeira e chal\u00e9s, Projeto e constru\u00e7\u00e3o, casas pr\u00e9 fabricadas, arquitetura exclusiva, alto padr\u00e3o, valorizamos a topografia e espa\u00e7o do seu terreno!\" \/>\n<meta name=\"robots\" content=\"index, follow, max-snippet:-1, max-image-preview:large, max-video-preview:-1\" \/>\n<link rel=\"canonical\" href=\"https:\/\/homeprojetos.com.br\/casasdemadeira\/contatos\/\" \/>\n<meta property=\"og:locale\" content=\"pt_BR\" \/>\n<meta property=\"og:type\" content=\"article\" \/>\n<meta property=\"og:title\" content=\"Casas de Madeira - Home Projetos Constru\u00e7\u00e3o de Casas de Madeira RJ\" \/>\n<meta property=\"og:description\" content=\"Casas de madeira e chal\u00e9s, Projeto e constru\u00e7\u00e3o, casas pr\u00e9 fabricadas, arquitetura exclusiva, alto padr\u00e3o, valorizamos a topografia e espa\u00e7o do seu terreno!\" \/>\n<meta property=\"og:url\" content=\"https:\/\/homeprojetos.com.br\/casasdemadeira\/contatos\/\" \/>\n<meta property=\"og:site_name\" content=\"HOME PROJETOS\" \/>\n<meta property=\"article:modified_time\" content=\"2023-09-04T19:49:35+00:00\" \/>\n<meta name=\"twitter:card\" content=\"summary_large_image\" \/>\n<meta name=\"twitter:label1\" content=\"Est. tempo de leitura\" \/>\n\t<meta name=\"twitter:data1\" content=\"1 minuto\" \/>\n<script type=\"application\/ld+json\" class=\"yoast-schema-graph\">{\"@context\":\"https:\/\/schema.org\",\"@graph\":[{\"@type\":\"WebPage\",\"@id\":\"https:\/\/homeprojetos.com.br\/casasdemadeira\/contatos\/\",\"url\":\"https:\/\/homeprojetos.com.br\/casasdemadeira\/contatos\/\",\"name\":\"Casas de Madeira - Home Projetos Constru\u00e7\u00e3o de Casas de Madeira RJ\",\"isPartOf\":{\"@id\":\"https:\/\/homeprojetos.com.br\/casasdemadeira\/#website\"},\"datePublished\":\"2017-11-09T18:41:49+00:00\",\"dateModified\":\"2023-09-04T19:49:35+00:00\",\"description\":\"Casas de madeira e chal\u00e9s, Projeto e constru\u00e7\u00e3o, casas pr\u00e9 fabricadas, arquitetura exclusiva, alto padr\u00e3o, valorizamos a topografia e espa\u00e7o do seu terreno!\",\"breadcrumb\":{\"@id\":\"https:\/\/homeprojetos.com.br\/casasdemadeira\/contatos\/#breadcrumb\"},\"inLanguage\":\"pt-BR\",\"potentialAction\":[{\"@type\":\"ReadAction\",\"target\":[\"https:\/\/homeprojetos.com.br\/casasdemadeira\/contatos\/\"]}]},{\"@type\":\"BreadcrumbList\",\"@id\":\"https:\/\/homeprojetos.com.br\/casasdemadeira\/contatos\/#breadcrumb\",\"itemListElement\":[{\"@type\":\"ListItem\",\"position\":1,\"name\":\"In\u00edcio\",\"item\":\"https:\/\/homeprojetos.com.br\/casasdemadeira\/\"},{\"@type\":\"ListItem\",\"position\":2,\"name\":\"Contatos\"}]},{\"@type\":\"WebSite\",\"@id\":\"https:\/\/homeprojetos.com.br\/casasdemadeira\/#website\",\"url\":\"https:\/\/homeprojetos.com.br\/casasdemadeira\/\",\"name\":\"HOME PROJETOS\",\"description\":\"Casas de Madeira com Projetos Exclusivos\",\"publisher\":{\"@id\":\"https:\/\/homeprojetos.com.br\/casasdemadeira\/#organization\"},\"potentialAction\":[{\"@type\":\"SearchAction\",\"target\":{\"@type\":\"EntryPoint\",\"urlTemplate\":\"https:\/\/homeprojetos.com.br\/casasdemadeira\/?s={search_term_string}\"},\"query-input\":{\"@type\":\"PropertyValueSpecification\",\"valueRequired\":true,\"valueName\":\"search_term_string\"}}],\"inLanguage\":\"pt-BR\"},{\"@type\":\"Organization\",\"@id\":\"https:\/\/homeprojetos.com.br\/casasdemadeira\/#organization\",\"name\":\"Home Projetos Casas de Madeira\",\"url\":\"https:\/\/homeprojetos.com.br\/casasdemadeira\/\",\"logo\":{\"@type\":\"ImageObject\",\"inLanguage\":\"pt-BR\",\"@id\":\"https:\/\/homeprojetos.com.br\/casasdemadeira\/#\/schema\/logo\/image\/\",\"url\":\"https:\/\/homeprojetos.com.br\/casasdemadeira\/wp-content\/uploads\/2017\/11\/logo_small.png\",\"contentUrl\":\"https:\/\/homeprojetos.com.br\/casasdemadeira\/wp-content\/uploads\/2017\/11\/logo_small.png\",\"width\":167,\"height\":42,\"caption\":\"Home Projetos Casas de Madeira\"},\"image\":{\"@id\":\"https:\/\/homeprojetos.com.br\/casasdemadeira\/#\/schema\/logo\/image\/\"}}]}<\/script>\n<!-- \/ Yoast SEO plugin. -->","yoast_head_json":{"title":"Casas de Madeira - Home Projetos Constru\u00e7\u00e3o de Casas de Madeira RJ","description":"Casas de madeira e chal\u00e9s, Projeto e constru\u00e7\u00e3o, casas pr\u00e9 fabricadas, arquitetura exclusiva, alto padr\u00e3o, valorizamos a topografia e espa\u00e7o do seu terreno!","robots":{"index":"index","follow":"follow","max-snippet":"max-snippet:-1","max-image-preview":"max-image-preview:large","max-video-preview":"max-video-preview:-1"},"canonical":"https:\/\/homeprojetos.com.br\/casasdemadeira\/contatos\/","og_locale":"pt_BR","og_type":"article","og_title":"Casas de Madeira - Home Projetos Constru\u00e7\u00e3o de Casas de Madeira RJ","og_description":"Casas de madeira e chal\u00e9s, Projeto e constru\u00e7\u00e3o, casas pr\u00e9 fabricadas, arquitetura exclusiva, alto padr\u00e3o, valorizamos a topografia e espa\u00e7o do seu terreno!","og_url":"https:\/\/homeprojetos.com.br\/casasdemadeira\/contatos\/","og_site_name":"HOME PROJETOS","article_modified_time":"2023-09-04T19:49:35+00:00","twitter_card":"summary_large_image","twitter_misc":{"Est. tempo de leitura":"1 minuto"},"schema":{"@context":"https:\/\/schema.org","@graph":[{"@type":"WebPage","@id":"https:\/\/homeprojetos.com.br\/casasdemadeira\/contatos\/","url":"https:\/\/homeprojetos.com.br\/casasdemadeira\/contatos\/","name":"Casas de Madeira - Home Projetos Constru\u00e7\u00e3o de Casas de Madeira RJ","isPartOf":{"@id":"https:\/\/homeprojetos.com.br\/casasdemadeira\/#website"},"datePublished":"2017-11-09T18:41:49+00:00","dateModified":"2023-09-04T19:49:35+00:00","description":"Casas de madeira e chal\u00e9s, Projeto e constru\u00e7\u00e3o, casas pr\u00e9 fabricadas, arquitetura exclusiva, alto padr\u00e3o, valorizamos a topografia e espa\u00e7o do seu terreno!","breadcrumb":{"@id":"https:\/\/homeprojetos.com.br\/casasdemadeira\/contatos\/#breadcrumb"},"inLanguage":"pt-BR","potentialAction":[{"@type":"ReadAction","target":["https:\/\/homeprojetos.com.br\/casasdemadeira\/contatos\/"]}]},{"@type":"BreadcrumbList","@id":"https:\/\/homeprojetos.com.br\/casasdemadeira\/contatos\/#breadcrumb","itemListElement":[{"@type":"ListItem","position":1,"name":"In\u00edcio","item":"https:\/\/homeprojetos.com.br\/casasdemadeira\/"},{"@type":"ListItem","position":2,"name":"Contatos"}]},{"@type":"WebSite","@id":"https:\/\/homeprojetos.com.br\/casasdemadeira\/#website","url":"https:\/\/homeprojetos.com.br\/casasdemadeira\/","name":"HOME PROJETOS","description":"Casas de Madeira com Projetos Exclusivos","publisher":{"@id":"https:\/\/homeprojetos.com.br\/casasdemadeira\/#organization"},"potentialAction":[{"@type":"SearchAction","target":{"@type":"EntryPoint","urlTemplate":"https:\/\/homeprojetos.com.br\/casasdemadeira\/?s={search_term_string}"},"query-input":{"@type":"PropertyValueSpecification","valueRequired":true,"valueName":"search_term_string"}}],"inLanguage":"pt-BR"},{"@type":"Organization","@id":"https:\/\/homeprojetos.com.br\/casasdemadeira\/#organization","name":"Home Projetos Casas de Madeira","url":"https:\/\/homeprojetos.com.br\/casasdemadeira\/","logo":{"@type":"ImageObject","inLanguage":"pt-BR","@id":"https:\/\/homeprojetos.com.br\/casasdemadeira\/#\/schema\/logo\/image\/","url":"https:\/\/homeprojetos.com.br\/casasdemadeira\/wp-content\/uploads\/2017\/11\/logo_small.png","contentUrl":"https:\/\/homeprojetos.com.br\/casasdemadeira\/wp-content\/uploads\/2017\/11\/logo_small.png","width":167,"height":42,"caption":"Home Projetos Casas de Madeira"},"image":{"@id":"https:\/\/homeprojetos.com.br\/casasdemadeira\/#\/schema\/logo\/image\/"}}]}},"_links":{"self":[{"href":"https:\/\/homeprojetos.com.br\/casasdemadeira\/wp-json\/wp\/v2\/pages\/61","targetHints":{"allow":["GET"]}}],"collection":[{"href":"https:\/\/homeprojetos.com.br\/casasdemadeira\/wp-json\/wp\/v2\/pages"}],"about":[{"href":"https:\/\/homeprojetos.com.br\/casasdemadeira\/wp-json\/wp\/v2\/types\/page"}],"author":[{"embeddable":true,"href":"https:\/\/homeprojetos.com.br\/casasdemadeira\/wp-json\/wp\/v2\/users\/2"}],"replies":[{"embeddable":true,"href":"https:\/\/homeprojetos.com.br\/casasdemadeira\/wp-json\/wp\/v2\/comments?post=61"}],"version-history":[{"count":21,"href":"https:\/\/homeprojetos.com.br\/casasdemadeira\/wp-json\/wp\/v2\/pages\/61\/revisions"}],"predecessor-version":[{"id":1233,"href":"https:\/\/homeprojetos.com.br\/casasdemadeira\/wp-json\/wp\/v2\/pages\/61\/revisions\/1233"}],"wp:attachment":[{"href":"https:\/\/homeprojetos.com.br\/casasdemadeira\/wp-json\/wp\/v2\/media?parent=61"}],"curies":[{"name":"wp","href":"https:\/\/api.w.org\/{rel}","templated":true}]}}