{"id":12,"date":"2017-11-09T18:00:43","date_gmt":"2017-11-09T18:00:43","guid":{"rendered":"http:\/\/homeprojetos.com.br\/casasdemadeira\/?page_id=12"},"modified":"2020-07-13T13:22:50","modified_gmt":"2020-07-13T13:22:50","slug":"home-projetos","status":"publish","type":"page","link":"https:\/\/homeprojetos.com.br\/casasdemadeira\/","title":{"rendered":"Home Projetos"},"content":{"rendered":"<p>Sediada em Itaipava, na regi\u00e3o serrana do Rio de Janeiro, a HOME PROJETOS atua focada no presente e no futuro, com pol\u00edtica ambiental pautada no compromisso com o reflorestamento, contribuindo para a preserva\u00e7\u00e3o do meio ambiente. Toda a madeira utilizada pela empresa tem origem em projetos de sustentabilidade, aprovados e fiscalizados pelo IBAMA.<\/p>\n","protected":false},"excerpt":{"rendered":"<p>Sediada em Itaipava, na regi\u00e3o serrana do Rio de Janeiro, a HOME PROJETOS atua focada no presente e no futuro, com pol\u00edtica ambiental pautada no compromisso com o reflorestamento, contribuindo para a preserva\u00e7\u00e3o do meio ambiente. Toda a madeira utilizada <a href=\"https:\/\/homeprojetos.com.br\/casasdemadeira\/\" class=\"read-more\">Ver Mais<\/a><\/p>\n","protected":false},"author":2,"featured_media":0,"parent":0,"menu_order":0,"comment_status":"closed","ping_status":"closed","template":"templates\/front.php","meta":{"footnotes":"","_links_to":"","_links_to_target":""},"class_list":["post-12","page","type-page","status-publish","hentry"],"yoast_head":"<!-- This site is optimized with the Yoast SEO plugin v24.9 - https:\/\/yoast.com\/wordpress\/plugins\/seo\/ -->\n<title>Casas de Madeira - Home Projetos Constru\u00e7\u00e3o de Casas de Madeira RJ<\/title>\n<meta name=\"description\" content=\"Casas de madeira e chal\u00e9s, Projeto e constru\u00e7\u00e3o, casas pr\u00e9 fabricadas, arquitetura exclusiva, alto padr\u00e3o, valorizamos a topografia e espa\u00e7o do seu terreno!\" \/>\n<meta name=\"robots\" content=\"index, follow, max-snippet:-1, max-image-preview:large, max-video-preview:-1\" \/>\n<link rel=\"canonical\" href=\"https:\/\/homeprojetos.com.br\/casasdemadeira\/\" \/>\n<meta property=\"og:locale\" content=\"pt_BR\" \/>\n<meta property=\"og:type\" content=\"article\" \/>\n<meta property=\"og:title\" content=\"Casas de Madeira - Home Projetos Constru\u00e7\u00e3o de Casas de Madeira RJ\" \/>\n<meta property=\"og:description\" content=\"Casas de madeira e chal\u00e9s, Projeto e constru\u00e7\u00e3o, casas pr\u00e9 fabricadas, arquitetura exclusiva, alto padr\u00e3o, valorizamos a topografia e espa\u00e7o do seu terreno!\" \/>\n<meta property=\"og:url\" content=\"https:\/\/homeprojetos.com.br\/casasdemadeira\/\" \/>\n<meta property=\"og:site_name\" content=\"HOME PROJETOS\" \/>\n<meta property=\"article:modified_time\" content=\"2020-07-13T13:22:50+00:00\" \/>\n<meta name=\"twitter:card\" content=\"summary_large_image\" \/>\n<script type=\"application\/ld+json\" class=\"yoast-schema-graph\">{\"@context\":\"https:\/\/schema.org\",\"@graph\":[{\"@type\":\"WebPage\",\"@id\":\"https:\/\/homeprojetos.com.br\/casasdemadeira\/\",\"url\":\"https:\/\/homeprojetos.com.br\/casasdemadeira\/\",\"name\":\"Casas de Madeira - Home Projetos Constru\u00e7\u00e3o de Casas de Madeira RJ\",\"isPartOf\":{\"@id\":\"https:\/\/homeprojetos.com.br\/casasdemadeira\/#website\"},\"datePublished\":\"2017-11-09T18:00:43+00:00\",\"dateModified\":\"2020-07-13T13:22:50+00:00\",\"description\":\"Casas de madeira e chal\u00e9s, Projeto e constru\u00e7\u00e3o, casas pr\u00e9 fabricadas, arquitetura exclusiva, alto padr\u00e3o, valorizamos a topografia e espa\u00e7o do seu terreno!\",\"breadcrumb\":{\"@id\":\"https:\/\/homeprojetos.com.br\/casasdemadeira\/#breadcrumb\"},\"inLanguage\":\"pt-BR\",\"potentialAction\":[{\"@type\":\"ReadAction\",\"target\":[\"https:\/\/homeprojetos.com.br\/casasdemadeira\/\"]}]},{\"@type\":\"BreadcrumbList\",\"@id\":\"https:\/\/homeprojetos.com.br\/casasdemadeira\/#breadcrumb\",\"itemListElement\":[{\"@type\":\"ListItem\",\"position\":1,\"name\":\"In\u00edcio\",\"item\":\"https:\/\/homeprojetos.com.br\/casasdemadeira\/\"},{\"@type\":\"ListItem\",\"position\":2,\"name\":\"Home Projetos\"}]},{\"@type\":\"WebSite\",\"@id\":\"https:\/\/homeprojetos.com.br\/casasdemadeira\/#website\",\"url\":\"https:\/\/homeprojetos.com.br\/casasdemadeira\/\",\"name\":\"HOME PROJETOS\",\"description\":\"Casas de Madeira com Projetos Exclusivos\",\"publisher\":{\"@id\":\"https:\/\/homeprojetos.com.br\/casasdemadeira\/#organization\"},\"potentialAction\":[{\"@type\":\"SearchAction\",\"target\":{\"@type\":\"EntryPoint\",\"urlTemplate\":\"https:\/\/homeprojetos.com.br\/casasdemadeira\/?s={search_term_string}\"},\"query-input\":{\"@type\":\"PropertyValueSpecification\",\"valueRequired\":true,\"valueName\":\"search_term_string\"}}],\"inLanguage\":\"pt-BR\"},{\"@type\":\"Organization\",\"@id\":\"https:\/\/homeprojetos.com.br\/casasdemadeira\/#organization\",\"name\":\"Home Projetos Casas de Madeira\",\"url\":\"https:\/\/homeprojetos.com.br\/casasdemadeira\/\",\"logo\":{\"@type\":\"ImageObject\",\"inLanguage\":\"pt-BR\",\"@id\":\"https:\/\/homeprojetos.com.br\/casasdemadeira\/#\/schema\/logo\/image\/\",\"url\":\"https:\/\/homeprojetos.com.br\/casasdemadeira\/wp-content\/uploads\/2017\/11\/logo_small.png\",\"contentUrl\":\"https:\/\/homeprojetos.com.br\/casasdemadeira\/wp-content\/uploads\/2017\/11\/logo_small.png\",\"width\":167,\"height\":42,\"caption\":\"Home Projetos Casas de Madeira\"},\"image\":{\"@id\":\"https:\/\/homeprojetos.com.br\/casasdemadeira\/#\/schema\/logo\/image\/\"}}]}<\/script>\n<!-- \/ Yoast SEO plugin. -->","yoast_head_json":{"title":"Casas de Madeira - Home Projetos Constru\u00e7\u00e3o de Casas de Madeira RJ","description":"Casas de madeira e chal\u00e9s, Projeto e constru\u00e7\u00e3o, casas pr\u00e9 fabricadas, arquitetura exclusiva, alto padr\u00e3o, valorizamos a topografia e espa\u00e7o do seu terreno!","robots":{"index":"index","follow":"follow","max-snippet":"max-snippet:-1","max-image-preview":"max-image-preview:large","max-video-preview":"max-video-preview:-1"},"canonical":"https:\/\/homeprojetos.com.br\/casasdemadeira\/","og_locale":"pt_BR","og_type":"article","og_title":"Casas de Madeira - Home Projetos Constru\u00e7\u00e3o de Casas de Madeira RJ","og_description":"Casas de madeira e chal\u00e9s, Projeto e constru\u00e7\u00e3o, casas pr\u00e9 fabricadas, arquitetura exclusiva, alto padr\u00e3o, valorizamos a topografia e espa\u00e7o do seu terreno!","og_url":"https:\/\/homeprojetos.com.br\/casasdemadeira\/","og_site_name":"HOME PROJETOS","article_modified_time":"2020-07-13T13:22:50+00:00","twitter_card":"summary_large_image","schema":{"@context":"https:\/\/schema.org","@graph":[{"@type":"WebPage","@id":"https:\/\/homeprojetos.com.br\/casasdemadeira\/","url":"https:\/\/homeprojetos.com.br\/casasdemadeira\/","name":"Casas de Madeira - Home Projetos Constru\u00e7\u00e3o de Casas de Madeira RJ","isPartOf":{"@id":"https:\/\/homeprojetos.com.br\/casasdemadeira\/#website"},"datePublished":"2017-11-09T18:00:43+00:00","dateModified":"2020-07-13T13:22:50+00:00","description":"Casas de madeira e chal\u00e9s, Projeto e constru\u00e7\u00e3o, casas pr\u00e9 fabricadas, arquitetura exclusiva, alto padr\u00e3o, valorizamos a topografia e espa\u00e7o do seu terreno!","breadcrumb":{"@id":"https:\/\/homeprojetos.com.br\/casasdemadeira\/#breadcrumb"},"inLanguage":"pt-BR","potentialAction":[{"@type":"ReadAction","target":["https:\/\/homeprojetos.com.br\/casasdemadeira\/"]}]},{"@type":"BreadcrumbList","@id":"https:\/\/homeprojetos.com.br\/casasdemadeira\/#breadcrumb","itemListElement":[{"@type":"ListItem","position":1,"name":"In\u00edcio","item":"https:\/\/homeprojetos.com.br\/casasdemadeira\/"},{"@type":"ListItem","position":2,"name":"Home Projetos"}]},{"@type":"WebSite","@id":"https:\/\/homeprojetos.com.br\/casasdemadeira\/#website","url":"https:\/\/homeprojetos.com.br\/casasdemadeira\/","name":"HOME PROJETOS","description":"Casas de Madeira com Projetos Exclusivos","publisher":{"@id":"https:\/\/homeprojetos.com.br\/casasdemadeira\/#organization"},"potentialAction":[{"@type":"SearchAction","target":{"@type":"EntryPoint","urlTemplate":"https:\/\/homeprojetos.com.br\/casasdemadeira\/?s={search_term_string}"},"query-input":{"@type":"PropertyValueSpecification","valueRequired":true,"valueName":"search_term_string"}}],"inLanguage":"pt-BR"},{"@type":"Organization","@id":"https:\/\/homeprojetos.com.br\/casasdemadeira\/#organization","name":"Home Projetos Casas de Madeira","url":"https:\/\/homeprojetos.com.br\/casasdemadeira\/","logo":{"@type":"ImageObject","inLanguage":"pt-BR","@id":"https:\/\/homeprojetos.com.br\/casasdemadeira\/#\/schema\/logo\/image\/","url":"https:\/\/homeprojetos.com.br\/casasdemadeira\/wp-content\/uploads\/2017\/11\/logo_small.png","contentUrl":"https:\/\/homeprojetos.com.br\/casasdemadeira\/wp-content\/uploads\/2017\/11\/logo_small.png","width":167,"height":42,"caption":"Home Projetos Casas de Madeira"},"image":{"@id":"https:\/\/homeprojetos.com.br\/casasdemadeira\/#\/schema\/logo\/image\/"}}]}},"_links":{"self":[{"href":"https:\/\/homeprojetos.com.br\/casasdemadeira\/wp-json\/wp\/v2\/pages\/12","targetHints":{"allow":["GET"]}}],"collection":[{"href":"https:\/\/homeprojetos.com.br\/casasdemadeira\/wp-json\/wp\/v2\/pages"}],"about":[{"href":"https:\/\/homeprojetos.com.br\/casasdemadeira\/wp-json\/wp\/v2\/types\/page"}],"author":[{"embeddable":true,"href":"https:\/\/homeprojetos.com.br\/casasdemadeira\/wp-json\/wp\/v2\/users\/2"}],"replies":[{"embeddable":true,"href":"https:\/\/homeprojetos.com.br\/casasdemadeira\/wp-json\/wp\/v2\/comments?post=12"}],"version-history":[{"count":47,"href":"https:\/\/homeprojetos.com.br\/casasdemadeira\/wp-json\/wp\/v2\/pages\/12\/revisions"}],"predecessor-version":[{"id":1067,"href":"https:\/\/homeprojetos.com.br\/casasdemadeira\/wp-json\/wp\/v2\/pages\/12\/revisions\/1067"}],"wp:attachment":[{"href":"https:\/\/homeprojetos.com.br\/casasdemadeira\/wp-json\/wp\/v2\/media?parent=12"}],"curies":[{"name":"wp","href":"https:\/\/api.w.org\/{rel}","templated":true}]}}